{"id":2,"date":"2018-12-29T17:51:54","date_gmt":"2018-12-29T14:51:54","guid":{"rendered":"http:\/\/www.deepx.com.tr\/?page_id=2"},"modified":"2023-10-05T10:36:33","modified_gmt":"2023-10-05T07:36:33","slug":"anasayfa","status":"publish","type":"page","link":"https:\/\/www.deepx.com.tr\/en\/","title":{"rendered":"Homepage"},"content":{"rendered":"<div class=\"wpb-content-wrapper\"><p>[vc_row css=&#8221;.vc_custom_1546878470352{margin-top: -20px !important;}&#8221;][vc_column][rev_slider_vc alias=&#8221;deepx-en&#8221;][\/vc_column][\/vc_row][vc_row full_width=&#8221;stretch_row&#8221; wrap_container=&#8221;yes&#8221; css=&#8221;.vc_custom_1546878548017{margin-top: -36px !important;background-color: #0f527b !important;}&#8221; el_class=&#8221;home-intro&#8221;][vc_column width=&#8221;1\/6&#8243; offset=&#8221;vc_hidden-sm vc_hidden-xs&#8221;][\/vc_column][vc_column width=&#8221;2\/3&#8243; css=&#8221;.vc_custom_1546363563873{padding-top: 30px !important;}&#8221;][vc_column_text css_animation=&#8221;none&#8221;]<span style=\"color: #ffffff;\"><strong><span style=\"font-size: 26px;\">+90 212 232 76 76<\/span><\/strong><\/span><br \/>\n<span style=\"color: #ffffff;\"><strong><span style=\"font-size: 16px;\">Please contact us for more details<\/span><\/strong><\/span>[\/vc_column_text][\/vc_column][vc_column width=&#8221;1\/6&#8243; css=&#8221;.vc_custom_1546363709622{padding-top: 40px !important;}&#8221;][vc_btn title=&#8221;Contact Us&#8221; color=&#8221;white&#8221; size=&#8221;lg&#8221; link=&#8221;url:http%3A%2F%2Fwww.deepx.com.tr%2Fen%2Filetisim%2F|title:DeepX%20ileti%C5%9Fim||&#8221;][\/vc_column][\/vc_row][vc_row css=&#8221;.vc_custom_1546879615303{margin-top: 50px !important;}&#8221;][vc_column width=&#8221;1\/4&#8243; animation_type=&#8221;fadeInUp&#8221;][vc_single_image image=&#8221;343&#8243; img_size=&#8221;360X240&#8243; alignment=&#8221;center&#8221; onclick=&#8221;custom_link&#8221; link=&#8221;https:\/\/www.deepx.com.tr\/en\/marka-koruma\/&#8221;][vc_custom_heading text=&#8221;<strong>Brand <\/strong> Protection&#8221; font_container=&#8221;tag:h3|text_align:left&#8221; use_theme_fonts=&#8221;yes&#8221; link=&#8221;url:http%3A%2F%2Fwww.deepx.com.tr%2Fen%2Fmarka-koruma%2F|title:Marka%20Koruma||&#8221;][vc_column_text]We serve businesses and brand owners in protecting their brand with our outstanding work both in thre field and on social media platforms.[\/vc_column_text][\/vc_column][vc_column width=&#8221;1\/4&#8243; animation_delay=&#8221;300&#8243; animation_type=&#8221;fadeInUp&#8221;][vc_single_image image=&#8221;346&#8243; img_size=&#8221;360X240&#8243; alignment=&#8221;center&#8221; onclick=&#8221;custom_link&#8221; link=&#8221;https:\/\/www.deepx.com.tr\/en\/sirket-arastirmalari\/&#8221;][vc_custom_heading text=&#8221;<strong>Business <\/strong> Investigations&#8221; font_container=&#8221;tag:h3|text_align:left&#8221; use_theme_fonts=&#8221;yes&#8221; link=&#8221;url:http%3A%2F%2Fwww.deepx.com.tr%2Fen%2Fsirket-arastirmalari%2F|title:%C5%9Eirket%20Ara%C5%9Ft%C4%B1rmalar%C4%B1||&#8221;][vc_column_text]We provide our costumers with a detailed business report which will help them control their risk prior to a company merger.[\/vc_column_text][\/vc_column][vc_column width=&#8221;1\/4&#8243; animation_delay=&#8221;600&#8243; animation_type=&#8221;fadeInUp&#8221;][vc_single_image image=&#8221;350&#8243; img_size=&#8221;360X240&#8243; alignment=&#8221;center&#8221; onclick=&#8221;custom_link&#8221; link=&#8221;https:\/\/www.deepx.com.tr\/en\/ozel-arastirmalar&#8221;][vc_custom_heading text=&#8221;<strong>Private <\/strong> Investigations&#8221; font_container=&#8221;tag:h3|text_align:left&#8221; use_theme_fonts=&#8221;yes&#8221; link=&#8221;url:http%3A%2F%2Fwww.deepx.com.tr%2Fen%2Fozel-arastirmalar%2F|title:%C3%96zel%20Ara%C5%9Ft%C4%B1rmalar||&#8221;][vc_column_text]We deliver first-class invesigations solutions on infidelity, asset search, background search, insider threat and skip tracing.[\/vc_column_text][\/vc_column][vc_column width=&#8221;1\/4&#8243; animation_delay=&#8221;900&#8243; animation_type=&#8221;fadeInUp&#8221;][vc_single_image image=&#8221;558&#8243; img_size=&#8221;360X240&#8243; alignment=&#8221;center&#8221; onclick=&#8221;custom_link&#8221; link=&#8221;https:\/\/www.deepx.com.tr\/en\/vip-koruma-yakin-koruma\/&#8221;][vc_custom_heading text=&#8221;<strong>Executive<\/strong> Protection&#8221; font_container=&#8221;tag:h3|text_align:left&#8221; use_theme_fonts=&#8221;yes&#8221; link=&#8221;url:https%3A%2F%2Fwww.deepx.com.tr%2Fen%2Fvip-koruma-yakin-koruma%2F|title:Executive%20Protection&#8221;][vc_column_text]As DeepX; we offer high-level Executive protection and Executive\/VIP consultancy services with our experienced personnel of military and police origin, experienced in the field of close protection.[\/vc_column_text][\/vc_column][\/vc_row][vc_row animation_delay=&#8221;100&#8243; animation_type=&#8221;fadeInUp&#8221; css=&#8221;.vc_custom_1546879620463{margin-top: 50px !important;}&#8221;][vc_column][vc_custom_heading text=&#8221;<strong>News<\/strong> From Us&#8221; font_container=&#8221;tag:h3|text_align:left&#8221; use_theme_fonts=&#8221;yes&#8221;]<div class=\"porto-recent-posts wpb_content_element  m-b-sm m-t-xs\">\t<div class=\"row\">\n\t\t<div class=\"post-carousel porto-carousel owl-carousel show-nav-title show-nav-hover \" data-plugin-options=\"{&quot;themeConfig&quot;:true,&quot;nav&quot;:&quot;yes&quot;,&quot;dots&quot;:&quot;yes&quot;,&quot;lg&quot;:2,&quot;md&quot;:1,&quot;sm&quot;:1}\">\n\t\t\t<div class=\"post-slide\"><div class=\"post-item style-4\"> <span class=\"thumb-info thumb-info-side-image thumb-info-no-zoom\">\n\t\t<a href=\"https:\/\/www.deepx.com.tr\/en\/yeni-ofisimiz-acilmistir\/\"> <span class=\"post-image thumb-info-side-image-wrapper\"> <img loading=\"lazy\" decoding=\"async\" class=\"img-responsive\" width=\"200\" height=\"160\" src=\"https:\/\/www.deepx.com.tr\/wp-content\/uploads\/2019\/01\/deepx-ofis-200x160.jpg\" alt=\"DeepX Yeni Ofisimiz\" \/>\n\t\t\t<span class=\"zoom\" data-src=\"https:\/\/www.deepx.com.tr\/wp-content\/uploads\/2019\/01\/deepx-ofis.jpg\" data-title=\"\"><i class=\"fas fa-search\"><\/i><\/span>\n\t\t<\/span> <\/a>\n\t\t<span class=\"thumb-info-caption\"> <span class=\"thumb-info-caption-text\"> <a class=\"post-title\" href=\"https:\/\/www.deepx.com.tr\/en\/yeni-ofisimiz-acilmistir\/\">\n\t\t\t<h2 class=\"m-b-sm m-t-xs\">\n\t\t\tWe Have Opened Our New Office\t\t\t<\/h2>\n\t\t<\/a>\n\t\t<div class=\"post-meta m-b-sm d-none\">\n\t\t\t\t\t\t\t\t\t\t\t\t\t\t<\/div>\n\t\t<p class=\"post-excerpt\">We Have Opened Our New Office\r\n\r\nWe continue our establishment...  <a class=\"read-more read-more-block\" href=\"https:\/\/www.deepx.com.tr\/en\/yeni-ofisimiz-acilmistir\/\">Read More <i class=\"fas fa-long-arrow-alt-right\"><\/i><\/a><\/p>\t<\/span> <\/span> <\/span>\n<\/div>\n<\/div><div class=\"post-slide\"><div class=\"post-item style-4\"> <span class=\"thumb-info thumb-info-side-image thumb-info-no-zoom\">\n\t\t<a href=\"https:\/\/www.deepx.com.tr\/en\/web-sitemiz-yeni-arayuzu-ile-yayinda\/\"> <span class=\"post-image thumb-info-side-image-wrapper\"> <img loading=\"lazy\" decoding=\"async\" class=\"img-responsive\" width=\"200\" height=\"160\" src=\"https:\/\/www.deepx.com.tr\/wp-content\/uploads\/2018\/12\/deepx-web-sayafasi-200x160.jpg\" alt=\"DeepX web sitesi yeni aray\u00fcz\u00fc ile yay\u0131nda\" \/>\n\t\t\t<span class=\"zoom\" data-src=\"https:\/\/www.deepx.com.tr\/wp-content\/uploads\/2018\/12\/deepx-web-sayafasi.jpg\" data-title=\"\"><i class=\"fas fa-search\"><\/i><\/span>\n\t\t<\/span> <\/a>\n\t\t<span class=\"thumb-info-caption\"> <span class=\"thumb-info-caption-text\"> <a class=\"post-title\" href=\"https:\/\/www.deepx.com.tr\/en\/web-sitemiz-yeni-arayuzu-ile-yayinda\/\">\n\t\t\t<h2 class=\"m-b-sm m-t-xs\">\n\t\t\tOur newest web page is on air!\t\t\t<\/h2>\n\t\t<\/a>\n\t\t<div class=\"post-meta m-b-sm d-none\">\n\t\t\t\t\t\t\t\t\t\t\t\t\t\t<\/div>\n\t\t<p class=\"post-excerpt\">Our newest web page is on air!\r\nDeepx has just...  <a class=\"read-more read-more-block\" href=\"https:\/\/www.deepx.com.tr\/en\/web-sitemiz-yeni-arayuzu-ile-yayinda\/\">Read More <i class=\"fas fa-long-arrow-alt-right\"><\/i><\/a><\/p>\t<\/span> <\/span> <\/span>\n<\/div>\n<\/div>\t\t<\/div>\n\t<\/div>\n\t<\/div>[\/vc_column][\/vc_row]<\/p>\n<\/div>","protected":false},"excerpt":{"rendered":"<p>[vc_row css=&#8221;.vc_custom_1546878470352{margin-top: -20px !important;}&#8221;][vc_column][rev_slider_vc alias=&#8221;deepx-en&#8221;][\/vc_column][\/vc_row][vc_row full_width=&#8221;stretch_row&#8221; wrap_container=&#8221;yes&#8221; css=&#8221;.vc_custom_1546878548017{margin-top: -36px !important;background-color: #0f527b !important;}&#8221; el_class=&#8221;home-intro&#8221;][vc_column width=&#8221;1\/6&#8243; offset=&#8221;vc_hidden-sm vc_hidden-xs&#8221;][\/vc_column][vc_column width=&#8221;2\/3&#8243; css=&#8221;.vc_custom_1546363563873{padding-top: 30px !important;}&#8221;][vc_column_text css_animation=&#8221;none&#8221;]+90 212 232 76 76 Please contact us for more details[\/vc_column_text][\/vc_column][vc_column width=&#8221;1\/6&#8243; css=&#8221;.vc_custom_1546363709622{padding-top: 40px !important;}&#8221;][vc_btn title=&#8221;Contact Us&#8221; color=&#8221;white&#8221; size=&#8221;lg&#8221; link=&#8221;url:http%3A%2F%2Fwww.deepx.com.tr%2Fen%2Filetisim%2F|title:DeepX%20ileti%C5%9Fim||&#8221;][\/vc_column][\/vc_row][vc_row css=&#8221;.vc_custom_1546879615303{margin-top: 50px !important;}&#8221;][vc_column width=&#8221;1\/4&#8243; animation_type=&#8221;fadeInUp&#8221;][vc_single_image image=&#8221;343&#8243; img_size=&#8221;360X240&#8243; alignment=&#8221;center&#8221; onclick=&#8221;custom_link&#8221; link=&#8221;https:\/\/www.deepx.com.tr\/en\/marka-koruma\/&#8221;][vc_custom_heading text=&#8221;Brand Protection&#8221; font_container=&#8221;tag:h3|text_align:left&#8221; use_theme_fonts=&#8221;yes&#8221; link=&#8221;url:http%3A%2F%2Fwww.deepx.com.tr%2Fen%2Fmarka-koruma%2F|title:Marka%20Koruma||&#8221;][vc_column_text]We [&hellip;]<\/p>\n","protected":false},"author":1,"featured_media":0,"parent":0,"menu_order":0,"comment_status":"closed","ping_status":"open","template":"","meta":{"footnotes":""},"aioseo_notices":[],"_links":{"self":[{"href":"https:\/\/www.deepx.com.tr\/en\/wp-json\/wp\/v2\/pages\/2"}],"collection":[{"href":"https:\/\/www.deepx.com.tr\/en\/wp-json\/wp\/v2\/pages"}],"about":[{"href":"https:\/\/www.deepx.com.tr\/en\/wp-json\/wp\/v2\/types\/page"}],"author":[{"embeddable":true,"href":"https:\/\/www.deepx.com.tr\/en\/wp-json\/wp\/v2\/users\/1"}],"replies":[{"embeddable":true,"href":"https:\/\/www.deepx.com.tr\/en\/wp-json\/wp\/v2\/comments?post=2"}],"version-history":[{"count":12,"href":"https:\/\/www.deepx.com.tr\/en\/wp-json\/wp\/v2\/pages\/2\/revisions"}],"predecessor-version":[{"id":585,"href":"https:\/\/www.deepx.com.tr\/en\/wp-json\/wp\/v2\/pages\/2\/revisions\/585"}],"wp:attachment":[{"href":"https:\/\/www.deepx.com.tr\/en\/wp-json\/wp\/v2\/media?parent=2"}],"curies":[{"name":"wp","href":"https:\/\/api.w.org\/{rel}","templated":true}]}}