{"id":147,"date":"2018-12-30T18:50:49","date_gmt":"2018-12-30T15:50:49","guid":{"rendered":"http:\/\/www.deepx.com.tr\/?page_id=147"},"modified":"2024-04-05T09:21:58","modified_gmt":"2024-04-05T06:21:58","slug":"iletisim","status":"publish","type":"page","link":"https:\/\/www.deepx.com.tr\/en\/iletisim\/","title":{"rendered":"Contact Us"},"content":{"rendered":"<div class=\"wpb-content-wrapper\"><p>[vc_row wrap_container=&#8221;yes&#8221; el_class=&#8221;custom-center-xs&#8221;][vc_column width=&#8221;1\/4&#8243; el_class=&#8221;col-md-6 col-lg-3&#8243; animation_type=&#8221;fadeInUp&#8221;]<div id=\"porto-icon-17432186816a04454160528\" class=\"porto-just-icon-wrapper align-left \"><div class=\"align-icon\" style=\"text-align:left;\">\n<div class=\"porto-icon circle \"  style=\"color:#ffffff;background:#0f527b;font-size:20px;\">\n\t<i class=\"fa fa-map-marker\"><\/i>\n<\/div><\/div><\/div><div class=\"porto-sicon-wrapper  vc_custom_1712297745805 style_1\"><div class=\"porto-sicon-box default-icon\"><div class=\"porto-sicon-header\" ><h3 class=\"porto-sicon-title\" style=\"font-weight:600;font-size:15px;\">Address<\/h3><\/div> <!-- header --><div class=\"porto-sicon-description\" style=\"\">Levent Mah. \u00c7ar\u015f\u0131arkas\u0131 Sok.<br \/>\nNo:20 Be\u015fikta\u015f \/ \u0130stanbul<\/div> <!-- description --><\/div> <!-- porto-sicon-box --><\/div>[\/vc_column][vc_column width=&#8221;1\/4&#8243; animation_delay=&#8221;300&#8243; el_class=&#8221;col-md-6 col-lg-3&#8243; animation_type=&#8221;fadeInUp&#8221;]<div id=\"porto-icon-20001652956a04454161167\" class=\"porto-just-icon-wrapper align-left \"><div class=\"align-icon\" style=\"text-align:left;\">\n<div class=\"porto-icon circle \"  style=\"color:#ffffff;background:#0f527b;font-size:20px;\">\n\t<i class=\"fa fa-phone-square\"><\/i>\n<\/div><\/div><\/div><div class=\"porto-sicon-wrapper  vc_custom_1712298094231 style_1\"><div class=\"porto-sicon-box default-icon\"><div class=\"porto-sicon-header\" ><h3 class=\"porto-sicon-title\" style=\"font-weight:600;font-size:15px;\">Phone<\/h3><\/div> <!-- header --><div class=\"porto-sicon-description\" style=\"\">+90 212 232 76 76<\/div> <!-- description --><\/div> <!-- porto-sicon-box --><\/div>[\/vc_column][vc_column width=&#8221;1\/4&#8243; animation_delay=&#8221;600&#8243; el_class=&#8221;col-md-6 col-lg-3&#8243; animation_type=&#8221;fadeInUp&#8221;]<div id=\"porto-icon-7356944696a04454161bac\" class=\"porto-just-icon-wrapper align-left \"><div class=\"align-icon\" style=\"text-align:left;\">\n<div class=\"porto-icon circle \"  style=\"color:#ffffff;background:#0f527b;font-size:20px;\">\n\t<i class=\"fa fa-at\"><\/i>\n<\/div><\/div><\/div><div class=\"porto-sicon-wrapper  vc_custom_1546690702834 style_1\"><div class=\"porto-sicon-box default-icon\"><div class=\"porto-sicon-header\" ><h3 class=\"porto-sicon-title\" style=\"font-weight:600;font-size:15px;\">Mail<\/h3><\/div> <!-- header --><div class=\"porto-sicon-description\" style=\"\">info@deepx.com.tr<\/div> <!-- description --><\/div> <!-- porto-sicon-box --><\/div>[\/vc_column][vc_column width=&#8221;1\/4&#8243; animation_delay=&#8221;900&#8243; el_class=&#8221;col-md-6 col-lg-3&#8243; animation_type=&#8221;fadeInUp&#8221;]<div id=\"porto-icon-2391597826a044541625cb\" class=\"porto-just-icon-wrapper align-left \"><div class=\"align-icon\" style=\"text-align:left;\">\n<div class=\"porto-icon circle \"  style=\"color:#ffffff;background:#0f527b;font-size:20px;\">\n\t<i class=\"fa fa-share-alt\"><\/i>\n<\/div><\/div><\/div><div class=\"porto-sicon-wrapper  vc_custom_1554119208347 style_1\"><div class=\"porto-sicon-box default-icon\"><div class=\"porto-sicon-header\" ><h3 class=\"porto-sicon-title\" style=\"font-weight:600;font-size:15px;\">Social Media<\/h3><\/div> <!-- header --><div class=\"porto-sicon-description\" style=\"\"><i class=\"fa fa-facebook-square custom-text-color-1 mr-sm\"><\/i> <a class=\"custom-text-color-1\" title=\"Facebook\" href=\"https:\/\/www.facebook.com\/DeepX-Dan%C4%B1%C5%9Fmanl%C4%B1k-Ara%C5%9Ft%C4%B1rma-ve-Dedektiflik-Hizmetleri-2234742280080229\/\">Facebook<\/a><br \/>\n<i class=\"fa fa-twitter-square custom-text-color-1 mr-sm\"><\/i> <a class=\"custom-text-color-1\" title=\"Twitter\" href=\"https:\/\/twitter.com\/DeepXDedektif\">Twitter<\/a><br \/>\n<i class=\"fa fa-linkedin-square custom-text-color-1 mr-sm\"><\/i> <a class=\"custom-text-color-1\" title=\"Linkedin\" href=\"http:\/\/www.linkedin.com\">Linkedin<\/a><\/div> <!-- description --><\/div> <!-- porto-sicon-box --><\/div>[\/vc_column][\/vc_row][vc_row full_width=&#8221;stretch_row_content_no_spaces&#8221; wrap_container=&#8221;yes&#8221; el_class=&#8221;background-color-primary&#8221; css=&#8221;.vc_custom_1546195363889{padding-top: 50px !important;padding-bottom: 25px !important;}&#8221;][vc_column animation_delay=&#8221;300&#8243; offset=&#8221;vc_col-md-offset-2 vc_col-md-8&#8243; animation_type=&#8221;fadeInUp&#8221;][vc_custom_heading text=&#8221;\u0130leti\u015fim Formu&#8221; font_container=&#8221;tag:h2|text_align:center|color:%23ffffff&#8221; use_theme_fonts=&#8221;yes&#8221; css=&#8221;.vc_custom_1546196808927{margin-bottom: 0px !important;}&#8221;][vc_column_text]<\/p>\n<p style=\"text-align: center;\"><span style=\"color: #ddd;\"> Please contact us via e-mail, phone or below message box.<\/span><\/p>\n<p style=\"text-align: center;\"><span style=\"color: #ddd;\">We will contact you soon.<\/span><\/p>\n<p>[\/vc_column_text]\n<div class=\"wpcf7 no-js\" id=\"wpcf7-f504-o2\" lang=\"tr-TR\" dir=\"ltr\">\n<div class=\"screen-reader-response\"><p role=\"status\" aria-live=\"polite\" aria-atomic=\"true\"><\/p> <ul><\/ul><\/div>\n<form action=\"\/en\/wp-json\/wp\/v2\/pages\/147#wpcf7-f504-o2\" method=\"post\" class=\"wpcf7-form init\" aria-label=\"\u0130leti\u015fim Formu\" novalidate=\"novalidate\" data-status=\"init\">\n<div style=\"display: none;\">\n<input type=\"hidden\" name=\"_wpcf7\" value=\"504\" \/>\n<input type=\"hidden\" name=\"_wpcf7_version\" value=\"5.9.8\" \/>\n<input type=\"hidden\" name=\"_wpcf7_locale\" value=\"tr_TR\" \/>\n<input type=\"hidden\" name=\"_wpcf7_unit_tag\" value=\"wpcf7-f504-o2\" \/>\n<input type=\"hidden\" name=\"_wpcf7_container_post\" value=\"0\" \/>\n<input type=\"hidden\" name=\"_wpcf7_posted_data_hash\" value=\"\" \/>\n<\/div>\n<div class=\"row\">\n\t<div class=\"col-lg-6\">\n\t\t<p><i class=\"Simple-Line-Icons-user text-color-light\"><\/i><span class=\"wpcf7-form-control-wrap\" data-name=\"your-name\"><input size=\"40\" maxlength=\"400\" class=\"wpcf7-form-control wpcf7-text wpcf7-validates-as-required custom-contact-input\" aria-required=\"true\" aria-invalid=\"false\" placeholder=\"Name Surname *\" value=\"\" type=\"text\" name=\"your-name\" \/><\/span>\n\t\t<\/p>\n\t<\/div>\n\t<div class=\"col-lg-6\">\n\t\t<p><i class=\"Simple-Line-Icons-envelope text-color-light\"><\/i><span class=\"wpcf7-form-control-wrap\" data-name=\"your-email\"><input size=\"40\" maxlength=\"400\" class=\"wpcf7-form-control wpcf7-email wpcf7-validates-as-required wpcf7-text wpcf7-validates-as-email custom-contact-input\" aria-required=\"true\" aria-invalid=\"false\" placeholder=\"Email *\" value=\"\" type=\"email\" name=\"your-email\" \/><\/span>\n\t\t<\/p>\n\t<\/div>\n<\/div>\n<div class=\"row\">\n\t<div class=\"col-lg-6\">\n\t\t<p><i class=\"Simple-Line-Icons-call-out icons text-color-light\"><\/i><span class=\"wpcf7-form-control-wrap\" data-name=\"your-phone\"><input size=\"40\" maxlength=\"400\" class=\"wpcf7-form-control wpcf7-text custom-contact-input\" aria-invalid=\"false\" placeholder=\"Phone *\" value=\"\" type=\"text\" name=\"your-phone\" \/><\/span>\n\t\t<\/p>\n\t<\/div>\n\t<div class=\"col-lg-6 custom-select-style\">\n\t\t<p><i class=\"Simple-Line-Icons-target icons text-color-light\"><\/i><span class=\"wpcf7-form-control-wrap\" data-name=\"moption\"><select class=\"wpcf7-form-control wpcf7-select wpcf7-validates-as-required custom-contact-input\" aria-required=\"true\" aria-invalid=\"false\" name=\"moption\"><option value=\"Make a selection\">Make a selection<\/option><option value=\"Brand Protection\">Brand Protection<\/option><option value=\"Private Investigations\">Private Investigations<\/option><option value=\"Business intelligence\">Business intelligence<\/option><option value=\"Other Researches\">Other Researches<\/option><\/select><\/span>\n\t\t<\/p>\n\t<\/div>\n<\/div>\n<div class=\"row\">\n\t<div class=\"col-lg-12\">\n\t\t<p><i class=\"Simple-Line-Icons-bubble icons text-color-light\"><\/i><span class=\"wpcf7-form-control-wrap\" data-name=\"txt-msg\"><textarea cols=\"40\" rows=\"10\" maxlength=\"2000\" class=\"wpcf7-form-control wpcf7-textarea wpcf7-validates-as-required custom-contact-input\" aria-required=\"true\" aria-invalid=\"false\" placeholder=\"Message *\" name=\"txt-msg\"><\/textarea><\/span>\n\t\t<\/p>\n\t<\/div>\n<\/div>\n<div class=\"row center\">\n\t<div class=\"col-lg-12\">\n\t\t<p><input class=\"wpcf7-form-control wpcf7-submit has-spinner custom-btn-style-4\" type=\"submit\" value=\"Sumbit\" \/>\n\t\t<\/p>\n\t<\/div>\n<\/div>\n<style>\n.wpcf7-form > .row > *{ margin-bottom: 25px; }\n.wpcf7-form i{ position: absolute; top: 10px; }\n.wpcf7-form-control.custom-contact-input {\n width: 100%;\n background: none;\n border: 0px;\n border-bottom: 1px solid rgba(228, 228, 228);\n box-shadow: none;\n padding: 10px 10px 10px 30px;\n color: #dddddd;\n -webkit-appearance: none;\n -moz-appearance: none;\n -ms-appearance: none;\n -o-appearance: none;\n appearance: none;\n}\n.custom-select-style:after {\n content: '';\n display: block;\n position: absolute;\n top: 50%;\n right: 25px;\n width: 10px;\n height: 10px;\n border-right: 1px solid #dddddd;\n border-bottom: 1px solid #dddddd;\n z-index: 0;\n -webkit-transform: translateY(-50%) rotate(45deg);\n -moz-transform: translateY(-50%) rotate(45deg);\n -ms-transform: translateY(-50%) rotate(45deg);\n -o-transform: translateY(-50%) rotate(45deg);\n transform: translateY(-50%) rotate(45deg);\n}\nselect.custom-contact-input option { color: #dddddd; }\n.wpcf7-submit.custom-btn-style-4 {\n background: transparent !important;\n color: #dddddd;\n font-weight: 900 !important;\n border: 2px solid #dddddd !important;\n padding: 10px 20px !important;\n font-size: 14px;\n border-radius: 0px !important;\n}\n.wpcf7-submit.custom-btn-style-4:hover {\n background: #dddddd !important;\n color: #eee !important;\n}\n::-webkit-input-placeholder { color: #dddddd; }\n::-moz-placeholder { color: #dddddd; }\n:-ms-input-placeholder { color: #dddddd; }\n:-moz-placeholder{ color: #dddddd; }\n@media(max-width: 991px){\n\t.wpcf7-form > .row > *{ margin-bottom: 15px; }\n\t.wpcf7-form .row.center{ margin-top: 10px; }\n}\n<\/style><div class=\"wpcf7-response-output\" aria-hidden=\"true\"><\/div>\n<\/form>\n<\/div>\n[\/vc_column][\/vc_row][vc_row full_width=&#8221;stretch_row_content_no_spaces&#8221; el_class=&#8221;no-padding&#8221; css=&#8221;.vc_custom_1546682380891{margin-bottom: -80px !important;}&#8221;][vc_column][vc_column_text]<iframe loading=\"lazy\" style=\"border: 0;\" src=\"https:\/\/www.google.com\/maps\/embed?pb=!1m18!1m12!1m3!1d3007.657657537317!2d29.013320112108726!3d41.07647527122141!2m3!1f0!2f0!3f0!3m2!1i1024!2i768!4f13.1!3m3!1m2!1s0x14cab642092af8d7%3A0xfb2cae57ace2241d!2zTGV2ZW50LCDDh2FyxZ_EsSBBcmthc8SxIFNrLiBObzoyMCwgMzQzMzAgQmXFn2lrdGHFny_EsHN0YW5idWw!5e0!3m2!1str!2str!4v1712298029252!5m2!1str!2str\" width=\"100%\" height=\"400\" allowfullscreen=\"allowfullscreen\"><\/iframe>[\/vc_column_text][\/vc_column][\/vc_row]<\/p>\n<\/div>","protected":false},"excerpt":{"rendered":"<p>[vc_row wrap_container=&#8221;yes&#8221; el_class=&#8221;custom-center-xs&#8221;][vc_column width=&#8221;1\/4&#8243; el_class=&#8221;col-md-6 col-lg-3&#8243; animation_type=&#8221;fadeInUp&#8221;][\/vc_column][vc_column width=&#8221;1\/4&#8243; animation_delay=&#8221;300&#8243; el_class=&#8221;col-md-6 col-lg-3&#8243; animation_type=&#8221;fadeInUp&#8221;][\/vc_column][vc_column width=&#8221;1\/4&#8243; animation_delay=&#8221;600&#8243; el_class=&#8221;col-md-6 col-lg-3&#8243; animation_type=&#8221;fadeInUp&#8221;][\/vc_column][vc_column width=&#8221;1\/4&#8243; animation_delay=&#8221;900&#8243; el_class=&#8221;col-md-6 col-lg-3&#8243; animation_type=&#8221;fadeInUp&#8221;][\/vc_column][\/vc_row][vc_row full_width=&#8221;stretch_row_content_no_spaces&#8221; wrap_container=&#8221;yes&#8221; el_class=&#8221;background-color-primary&#8221; css=&#8221;.vc_custom_1546195363889{padding-top: 50px !important;padding-bottom: 25px !important;}&#8221;][vc_column animation_delay=&#8221;300&#8243; offset=&#8221;vc_col-md-offset-2 vc_col-md-8&#8243; animation_type=&#8221;fadeInUp&#8221;][vc_custom_heading text=&#8221;\u0130leti\u015fim Formu&#8221; font_container=&#8221;tag:h2|text_align:center|color:%23ffffff&#8221; use_theme_fonts=&#8221;yes&#8221; css=&#8221;.vc_custom_1546196808927{margin-bottom: 0px !important;}&#8221;][vc_column_text] Please contact us via e-mail, phone or below message box. We will contact you [&hellip;]<\/p>\n","protected":false},"author":1,"featured_media":0,"parent":0,"menu_order":0,"comment_status":"closed","ping_status":"closed","template":"","meta":{"footnotes":""},"aioseo_notices":[],"_links":{"self":[{"href":"https:\/\/www.deepx.com.tr\/en\/wp-json\/wp\/v2\/pages\/147"}],"collection":[{"href":"https:\/\/www.deepx.com.tr\/en\/wp-json\/wp\/v2\/pages"}],"about":[{"href":"https:\/\/www.deepx.com.tr\/en\/wp-json\/wp\/v2\/types\/page"}],"author":[{"embeddable":true,"href":"https:\/\/www.deepx.com.tr\/en\/wp-json\/wp\/v2\/users\/1"}],"replies":[{"embeddable":true,"href":"https:\/\/www.deepx.com.tr\/en\/wp-json\/wp\/v2\/comments?post=147"}],"version-history":[{"count":13,"href":"https:\/\/www.deepx.com.tr\/en\/wp-json\/wp\/v2\/pages\/147\/revisions"}],"predecessor-version":[{"id":591,"href":"https:\/\/www.deepx.com.tr\/en\/wp-json\/wp\/v2\/pages\/147\/revisions\/591"}],"wp:attachment":[{"href":"https:\/\/www.deepx.com.tr\/en\/wp-json\/wp\/v2\/media?parent=147"}],"curies":[{"name":"wp","href":"https:\/\/api.w.org\/{rel}","templated":true}]}}